{"id":786,"date":"2025-12-16T13:36:36","date_gmt":"2025-12-16T12:36:36","guid":{"rendered":"https:\/\/www.mnai.it\/?page_id=786"},"modified":"2025-12-16T15:34:26","modified_gmt":"2025-12-16T14:34:26","slug":"prof-lucio-fiorini","status":"publish","type":"page","link":"https:\/\/www.mnai.it\/en\/prof-lucio-fiorini\/","title":{"rendered":"Prof. Lucio Fiorini"},"content":{"rendered":"<p>Lucio Fiorini \u00e8 professore associato presso il Dipartimento di Ingegneria Civile e Ambientale dell\u2019Universit\u00e0 degli Studi di Perugia; \u00e8 titolare delle cattedre di Metodologia della ricerca archeologica, di Etruscologia e Antichit\u00e0 Italiche e di Storia dell\u2019Architettura 1 con il relativo laboratorio. \u00c8 membro corrispondente dell\u2019Istituto Nazionale di Studi Etruschi e Italici. <\/p>\n\n\n\n<p>La sua attivit\u00e0 scientifica si distingue per la variet\u00e0 dei filoni di ricerca affrontati. Accanto alle indagini archeologiche condotte annualmente presso il santuario emporico di Gravisca, importante luogo di culto greco\/etrusco situato nell\u2019area dell\u2019antico porto di Tarquinia, di rilievo sono state le ricerche svolte in altri importanti siti archeologici, tra cui Cerveteri (l\u2019area intorno all\u2019ipogeo di G. Genucio Clepsina), Gubbio (il tempio italico di Caipicchi-Nogna) e Collazzone (il sito romano in localit\u00e0 Le Carceri). Pi\u00f9 di recente, ha fatto parte del team interdisciplinare del Dipartimento di Ingegneria Civile e Ambientale dell\u2019Universit\u00e0 degli Studi di Perugia impegnato nello studio e nel restauro del monumento funerario di Mamia a Pompei. <\/p>\n\n\n\n<p>Altri ambiti di ricerca includono studi di topografia, sulla transumanza nel mondo antico, sulla metallurgia antica, a cui si aggiungono quelli sull\u2019iconografia e sull\u2019iconologia del mondo greco e romano, oltre alle indagini sulla pittura tombale etrusca.<\/p>\n\n\n\n<p> Fa parte del comitato scientifico e di redazione di numerose riviste scientifiche ed \u00e8 codirettore della rivista di fascia A Ostraka, fondata nel 1993 da Mario Torelli. Nell\u2019ambito degli allestimenti museali la sua attivit\u00e0 si \u00e8 esplicata nel tempo in maniera differenziata, fornendo un notevole apporto a diverse istituzioni museali in occasione di allestimenti permanenti o di mostre temporanee. Nel 2021 \u00e8 stato membro del Comitato Scientifico del Museo Archeologico Nazionale di Tarquinia. Attualmente, la sua partecipazione alla realizzazione del Museo Civico di Citt\u00e0 di Castello, le collaborazioni con il Museo Archeologico Nazionale dell\u2019Umbria (di cui \u00e8 membro del comitato scientifico) e con la Fondazione Lungarotti (musei dell\u2019Olio e del Vino) evidenziano il suo impegno continuo nel promuovere e preservare il patrimonio culturale.<\/p>\n\n\n\n<p> Nel 2015 \u00e8 stato premiato quale Vincitore del \u201cSecond Shanghai Archaeology Forum Award\u201d organizzato dalla Shanghai Academy e comprendente la partecipazione delle maggiori universit\u00e0 al mondo, nella sezione \u201cField Discovery Awards\u201d, per lo scavo di Gravisca (Tarquinia \u2013 VT), giudicato come una delle dieci pi\u00f9 importanti scoperte al mondo per le metodologie applicate e per i risultati ottenuti. Nel 2016 gli \u00e8 stata assegnata dal Comune di Tarquinia (VT) la targa d\u2019oro per gli scavi effettuati presso il medesimo sito.<\/p>","protected":false},"excerpt":{"rendered":"<p>Lucio Fiorini \u00e8 professore associato presso il Dipartimento di Ingegneria Civile e Ambientale dell\u2019Universit\u00e0 degli Studi di Perugia; \u00e8 titolare delle cattedre di Metodologia della ricerca archeologica, di Etruscologia e Antichit\u00e0 Italiche e di Storia dell\u2019Architettura 1 con il relativo laboratorio. \u00c8 membro corrispondente dell\u2019Istituto Nazionale di Studi Etruschi e Italici. La sua attivit\u00e0 scientifica [&hellip;]<\/p>","protected":false},"author":1,"featured_media":0,"parent":0,"menu_order":0,"comment_status":"closed","ping_status":"closed","template":"","meta":{"footnotes":""},"class_list":["post-786","page","type-page","status-publish","hentry"],"jetpack_sharing_enabled":true,"_links":{"self":[{"href":"https:\/\/www.mnai.it\/en\/wp-json\/wp\/v2\/pages\/786","targetHints":{"allow":["GET"]}}],"collection":[{"href":"https:\/\/www.mnai.it\/en\/wp-json\/wp\/v2\/pages"}],"about":[{"href":"https:\/\/www.mnai.it\/en\/wp-json\/wp\/v2\/types\/page"}],"author":[{"embeddable":true,"href":"https:\/\/www.mnai.it\/en\/wp-json\/wp\/v2\/users\/1"}],"replies":[{"embeddable":true,"href":"https:\/\/www.mnai.it\/en\/wp-json\/wp\/v2\/comments?post=786"}],"version-history":[{"count":3,"href":"https:\/\/www.mnai.it\/en\/wp-json\/wp\/v2\/pages\/786\/revisions"}],"predecessor-version":[{"id":791,"href":"https:\/\/www.mnai.it\/en\/wp-json\/wp\/v2\/pages\/786\/revisions\/791"}],"wp:attachment":[{"href":"https:\/\/www.mnai.it\/en\/wp-json\/wp\/v2\/media?parent=786"}],"curies":[{"name":"wp","href":"https:\/\/api.w.org\/{rel}","templated":true}]}}