{"id":447,"date":"2025-09-03T15:36:41","date_gmt":"2025-09-03T13:36:41","guid":{"rendered":"https:\/\/www.mnai.it\/?page_id=447"},"modified":"2025-09-27T19:15:28","modified_gmt":"2025-09-27T17:15:28","slug":"dott-pietro-tamburini","status":"publish","type":"page","link":"https:\/\/www.mnai.it\/en\/dott-pietro-tamburini\/","title":{"rendered":"Dott. Pietro Tamburini"},"content":{"rendered":"<p><br>Viterbese di nascita, bolsenese di adozione &#8211; conseguito il diploma di maturit\u00e0 classica presso il liceo Filippo Antonio Gualterio di Orvieto, si laurea in Etruscologia e Antichit\u00e0 Italiche nel 1978 presso la Facolt\u00e0 di Lettere e Filosofia dell\u2019Universit\u00e0 di Perugia con una tesi sulla necropoli etrusca di Cancelli (Cetona-SI). Nello stesso anno supera il concorso di ammissione alla Scuola Nazionale di Archeologia dell\u2019Universit\u00e0 di Roma \u201cLa Sapienza\u201d e presso la stessa universit\u00e0, nel 1983, viene ammesso per concorso al primo ciclo del dottorato di ricerca in Archeologia (con indirizzo etruscologico), conseguendo il relativo diploma nel 1987 con una tesi sull\u2019abitato villanoviano del \u201cGran Carro\u201d (Bolsena-VT). <\/p>\n\n\n\n<p>Nel 1992 vince una borsa post-dottorato della durata di due anni finalizzata alla ricerca di nuovi insediamenti etruschi nel territorio volsiniese. Nell\u2019ambito della sua attivit\u00e0 archeologica partecipa a numerose campagne di scavo, sia in Italia sia all\u2019estero, maturando anche una notevole esperienza nell\u2019allestimento di mostre e nella catalogazione &#8211; cartacea e digitale \u2013 sia di reperti sia di strutture di epoca etrusca. Tra il 1992 e il 2009 segue i corsi di formazione per direttori e operatori museali organizzati dalla Regione Lazio e dalla Provincia di Viterbo, conseguendo i relativi attestati. <\/p>\n\n\n\n<p>Nel 2002 \u00e8 nominato socio collaboratore dell\u2019Istituto Italiano di Preistoria e Protostoria e nel 2005 dell\u2019Associazione Italiana di Studi Museologici; nel 2021 la Pontificia Commissione di Archeologia Sacra lo incarica della direzione scientifica delle catacombe di S. Cristina in Bolsena e nel 2025 viene eletto alla vicepresidenza dell\u2019Associazione di Studi \u201cVincenzo Campanari\u201d di Tuscania. <\/p>\n\n\n\n<p>Tra il 1991 e il 2020 dirige il Museo territoriale del lago di Bolsena e tra il 2001 e il 2020 ricopre anche l\u2019incarico di coordinatore scientifico del Sistema museale del lago di Bolsena. Nell\u2019arco della sua attivit\u00e0 professionale svolge incarichi di libera docenza sia di archeologia sia di museologia presso varie universit\u00e0. <\/p>\n\n\n\n<p>\u00c8 autore di oltre centocinquanta pubblicazioni scientifiche, tra cui dodici monografie, con particolare riferimento agli ambiti della protostoria, dell\u2019etruscologia, dell\u2019archeologia romana, della storia medievale, della museologia e della letteratura odeporica.<\/p>","protected":false},"excerpt":{"rendered":"<p>Viterbese di nascita, bolsenese di adozione &#8211; conseguito il diploma di maturit\u00e0 classica presso il liceo Filippo Antonio Gualterio di Orvieto, si laurea in Etruscologia e Antichit\u00e0 Italiche nel 1978 presso la Facolt\u00e0 di Lettere e Filosofia dell\u2019Universit\u00e0 di Perugia con una tesi sulla necropoli etrusca di Cancelli (Cetona-SI). Nello stesso anno supera il concorso [&hellip;]<\/p>","protected":false},"author":1,"featured_media":0,"parent":0,"menu_order":0,"comment_status":"closed","ping_status":"closed","template":"","meta":{"footnotes":""},"class_list":["post-447","page","type-page","status-publish","hentry"],"jetpack_sharing_enabled":true,"_links":{"self":[{"href":"https:\/\/www.mnai.it\/en\/wp-json\/wp\/v2\/pages\/447","targetHints":{"allow":["GET"]}}],"collection":[{"href":"https:\/\/www.mnai.it\/en\/wp-json\/wp\/v2\/pages"}],"about":[{"href":"https:\/\/www.mnai.it\/en\/wp-json\/wp\/v2\/types\/page"}],"author":[{"embeddable":true,"href":"https:\/\/www.mnai.it\/en\/wp-json\/wp\/v2\/users\/1"}],"replies":[{"embeddable":true,"href":"https:\/\/www.mnai.it\/en\/wp-json\/wp\/v2\/comments?post=447"}],"version-history":[{"count":2,"href":"https:\/\/www.mnai.it\/en\/wp-json\/wp\/v2\/pages\/447\/revisions"}],"predecessor-version":[{"id":603,"href":"https:\/\/www.mnai.it\/en\/wp-json\/wp\/v2\/pages\/447\/revisions\/603"}],"wp:attachment":[{"href":"https:\/\/www.mnai.it\/en\/wp-json\/wp\/v2\/media?parent=447"}],"curies":[{"name":"wp","href":"https:\/\/api.w.org\/{rel}","templated":true}]}}