{"id":443,"date":"2025-09-03T15:34:30","date_gmt":"2025-09-03T13:34:30","guid":{"rendered":"https:\/\/www.mnai.it\/?page_id=443"},"modified":"2025-09-27T19:16:02","modified_gmt":"2025-09-27T17:16:02","slug":"dott-ssa-alessandra-broccolini","status":"publish","type":"page","link":"https:\/\/www.mnai.it\/en\/dott-ssa-alessandra-broccolini\/","title":{"rendered":"Dott.ssa Alessandra Broccolini"},"content":{"rendered":"<p>Alessandra Broccolini \u00e8 Professore Associato presso il Dipartimento di Scienze Sociali ed Economiche della Sapienza Universit\u00e0 di Roma dove insegna Antropologia Culturale e Antropologia del Territorio. Si occupa di antropologia dei patrimoni culturali e di patrimonio culturale immateriale. Dal 2016 \u00e8 presidente di SIMBDEA, la Societ\u00e0 Italiana di Museografia e Beni Demoetnoantropologici. Dal 2017 al 2022 \u00e8 stata componente del Comitato Scientifico della Maison M\u00e9diterran\u00e9enne de Sciences de l&#8217;Homme (Aix-en-Provence, Francia. Dal 2022 \u00e8 PI del PRIN (Progetto di Rilevante Interesse Nazionale \u201c\u201cMusei locali ed Ecomusei. Spazi patrimoniali di partecipazione attiva\u201d. <\/p>\n\n\n\n<p>Ha svolto ricerche in Italia su fenomeni festivi, carnevali, politiche dell&#8217;identit\u00e0, saperi legati alla biodiversit\u00e0, ecomusei e processi partecipativi nel patrimonio culturale. Ha svolto numerosi lavori di ricerca e inventario sul patrimonio etnoantropologico, materiale e immateriale per enti pubblici nazionali e regionali. Ha svolto un lungo fieldwork di ricerca a Napoli nel quartiere del Pallonetto di S. Lucia (1994-1999) e numerosi lavori di catalogazione e di documentazione audiovisiva in beni demoetnoantropologici per l&#8217;Istituto Centrale per il Catalogo e la <\/p>\n\n\n\n<p>Documentazione (ICCD), per la Regione Lazio e per diversi enti locali. Ha lavorato per diverse candidature UNESCO per l&#8217;Iscrizione alla Lista Rappresentativa relativa alla Convenzione UNESCO del 2003 e per diversi ambiti territoriali interessati alle politiche del patrimonio immateriale, come l&#8217;area dei Carnevali irpini in Campania. Nel 2010 ha partecipato a Roma, insieme con i comitati di quartiere e le associazioni di base, ad un progetto di ecomuseo urbano nell&#8217;area del Casilino che ha portato alla fondazione dell&#8217;Associazione per l&#8217;Ecomuseo Casilino Ad Duas Lauros. Dal 2009 lavora sull\u2019area del lago di Bolsena sulle feste tradizionali e il mondo della pesca.<\/p>\n\n\n\n<p>Ha pubblicato tra gli altri: <em>Scena e retroscena di un patrimonio. Turismo, artigianato e cultura popolare a Napoli<\/em> (Quiedit, 2008); <em>Santi, Pantasime e Signori. Feste della Bassa Sabina<\/em>, Roma, edizioni Espera, 2013 (a cura di Alessandra Broccolini ed Emiliano Migliorini); \u201cIntangible Cultural Heritage Scenarios within the Bureaucratic Italian State\u201d, in Regina F. Bendix, A. Eggert and A. Peselmann (eds.), <em>Heritage Regimes and the State<\/em>, Gottingen, Universitatsverlag, 2012; \u201cL\u2019UNESCO e gli inventari del patrimonio immateriale in Italia\u201d, in <em>Antropologia Museale<\/em>, n. 28-29, 2011; &#8220;Italian &#8216;intangible communities&#8217;: procedures, tactics and new key actors&#8221;, in L. Zagato, S. Pinton (a cura di), <em>Cultural Heritage. Scenarios 2015-2017<\/em>, Venezia, 2017; &#8220;Folclore, beni demoetnoantropologici e patrimonio immateriale in alcuni contesti regionali&#8221;, in Mariuccia Salvati e Loredana Sciolla (a cura di)<em>, L\u2019Italia e le sue regioni<\/em>, vol. III <em>Culture<\/em>, Roma, Istituto della Enciclopedia Italiana Treccani; <em>Ripensare i margini. L&#8217;Ecomuseo Casilino per la periferia di Roma<\/em>, Roma, 2017 (con Vincenzo Padiglione); &#8220;Resuscitare senza mai morire. La lunga vita del Carnevale&#8221; (con K. Ballacchino), in <em>Archivio di Etnografia<\/em>, n.s. sul carnevale a cura delle autrici.<\/p>\n\n\n\n<p>In particolare sul lago di Bolsena ha pubblicato: 2025 \u00abRievocare il mondo agricolo\u00bb, in F. Dei (a cura di), Titolo da definire (in corso di stampa)&nbsp;; 2024 \u00ab&nbsp;Festa, spazio, territorio. Risonanze territoriali e immaginazione dell\u2019abitare in una festa paradigmatica&nbsp;\u00bb, in <em>Etnoantropologia<\/em>, 12 (2) 2024, pp. 75-103&nbsp;; 2024 \u00ab&nbsp;<em>Le pesce so\u2019 come le cristiane\u2026<\/em>Pesci, pescatori e agency sul lago di Bolsena\u201d, in Q. Galli (a cura di), Roma, GBeditoriA, pp. 121-137&nbsp;; 2016 &#8220;Per una etnografia <em>engaged<\/em> del patrimonio culturale immateriale. L\u2019\u201cinventario partecipativo\u201d della festa della Madonna del Monte di Marta&#8221;, in A. Simonicca e R. Bonetti (a cura di), <em>Etnografia e processi di patrimonializzazione<\/em>, Roma, CISU, 2016, pp. 45-62; 2014 &#8220;Agrifeasts&#8221;, in <em>Antropologia Museale<\/em>. &#8220;Etnografie del contemporaneo II&#8221;. <em>Il postagricolo e gli antropologi<\/em>. n. 34\/36, 2013, pp.11- 13; 2009 \u201cLa zuppa, il fuoco e il lago. Cibo e identit\u00e0 intorno al lago di Bolsena\u201d, in <em>Culture della sostenibilit\u00e0<\/em>. N. 6, 2009, pp.102-136. (con Katia Ballacchino).<\/p>","protected":false},"excerpt":{"rendered":"<p>Alessandra Broccolini \u00e8 Professore Associato presso il Dipartimento di Scienze Sociali ed Economiche della Sapienza Universit\u00e0 di Roma dove insegna Antropologia Culturale e Antropologia del Territorio. Si occupa di antropologia dei patrimoni culturali e di patrimonio culturale immateriale. Dal 2016 \u00e8 presidente di SIMBDEA, la Societ\u00e0 Italiana di Museografia e Beni Demoetnoantropologici. Dal 2017 al [&hellip;]<\/p>","protected":false},"author":1,"featured_media":0,"parent":0,"menu_order":0,"comment_status":"closed","ping_status":"closed","template":"","meta":{"footnotes":""},"class_list":["post-443","page","type-page","status-publish","hentry"],"jetpack_sharing_enabled":true,"_links":{"self":[{"href":"https:\/\/www.mnai.it\/en\/wp-json\/wp\/v2\/pages\/443","targetHints":{"allow":["GET"]}}],"collection":[{"href":"https:\/\/www.mnai.it\/en\/wp-json\/wp\/v2\/pages"}],"about":[{"href":"https:\/\/www.mnai.it\/en\/wp-json\/wp\/v2\/types\/page"}],"author":[{"embeddable":true,"href":"https:\/\/www.mnai.it\/en\/wp-json\/wp\/v2\/users\/1"}],"replies":[{"embeddable":true,"href":"https:\/\/www.mnai.it\/en\/wp-json\/wp\/v2\/comments?post=443"}],"version-history":[{"count":2,"href":"https:\/\/www.mnai.it\/en\/wp-json\/wp\/v2\/pages\/443\/revisions"}],"predecessor-version":[{"id":604,"href":"https:\/\/www.mnai.it\/en\/wp-json\/wp\/v2\/pages\/443\/revisions\/604"}],"wp:attachment":[{"href":"https:\/\/www.mnai.it\/en\/wp-json\/wp\/v2\/media?parent=443"}],"curies":[{"name":"wp","href":"https:\/\/api.w.org\/{rel}","templated":true}]}}