{"id":434,"date":"2025-09-02T16:23:22","date_gmt":"2025-09-02T14:23:22","guid":{"rendered":"https:\/\/www.mnai.it\/?page_id=434"},"modified":"2025-09-30T16:37:11","modified_gmt":"2025-09-30T14:37:11","slug":"dott-roberto-petriaggi","status":"publish","type":"page","link":"https:\/\/www.mnai.it\/en\/dott-roberto-petriaggi\/","title":{"rendered":"Dott. Roberto Petriaggi"},"content":{"rendered":"<p><strong>Roberto Petriaggi <\/strong>\u00e8 un archeologo e subacqueo italiano.<\/p>\n\n\n\n<p>Dal 1978 al 2010 ha lavorato presso il Ministero per i Beni e le Attivit\u00e0 Culturali, ora Ministero della Cultura. \u00c8 stato Funzionario Archeologo presso varie Soprintendenze italiane (dell\u2019Abruzzo e di Ostia, dove ha condotto rilevanti campagne di scavo, e dell\u2019Etruria Meridionale, dove ha condotto cantieri archeologici subacquei sui relitti di Capo Linaro e di Montalto di Castro). Ha lavorato anche presso il Servizio Tecnico per l&#8217;Archeologia Subacquea (STAS, 1989- 1996), dove ha partecipato al recupero dei bronzi archeologici presso Punta del Serrone \u2013 Brindisi \u2013 e in 72 missioni operative in varie localit\u00e0 italiane. Dal 1987 al 1996 \u00e8 stato Direttore del Nucleo per l\u2019Archeologia Subacquea della Soprintendenza Archeologica di Ostia e Direttore del Museo delle Navi Romane di Fiumicino, quindi tra il 1996 e il 1997, ha diretto il Nucleo per l\u2019Archeologia Subacquea della Soprintendenza per l\u2019Etruria Meridionale. Ha diretto, poi, ricerche e campagne di archeologia subacquea in Italia e all&#8217;estero, particolarmente in Yemen, Oman, Libia (1996-2010). Nel 1997 ha fondato il Nucleo per gli Interventi di Archeologia Subacquea (NIAS) dell&#8217;Istituto Centrale per il Restauro (ICR), che ha diretto fino al termine della carriera nel Ministero (2010).<\/p>\n\n\n\n<p>Per l\u2019ICR ha svolto anche attivit\u00e0 di professore presso la Scuola di Alta Formazione per l&#8217;Insegnamento del Restauro e ha diretto importanti lavori di restauro, tra i quali si segnala quello della statua bronzea del Satiro Danzante di Mazara del Vallo (1999-2003). Dal 2001 al 2010 \u00e8 stato ideatore e direttore del Progetto Restaurare Sott&#8217;acqua per interventi di restauro <em>in situ <\/em>in varie regioni italiane (Liguria, Campania, Puglia, Sicilia) e, principalmente, presso il Parco Archeologico Sommerso di Baia \u2013 Napoli. Egli \u00e8 stato, tra l\u2019altro, consulente per il restauro delle navi romane di Pisa San Rossore (1999-2010), della statua bronzea del Cristo degli Abissi (2001-2004) e membro coordinatore della Commissione Ministeriale per lo studio dei metodi di conservazione del legno archeologico saturo d&#8217;acqua (2003-2006). Dal 2002 al 2009, inoltre, \u00e8 stato docente a contratto di Archeologia Subacquea presso l&#8217;Universit\u00e0 di Roma Tre. \u00c8 autore di numerose pubblicazioni e monografie (una lista dei titoli pi\u00f9 significativi in:<\/p>\n\n\n\n<p>Dal 2004, \u00e8 direttore di &#8220;<em>Archaeologia Maritima Mediterranea<\/em>&#8220;, periodico internazionale di studi e ricerche di archeologia subacquea edito da Fabrizio Serra.<\/p>\n\n\n\n<p>Dal 1999 al 2010 ha collaborato con la Missione in Libia dell&#8217;Universit\u00e0 di \u201cRoma Tre\u201d, per ricognizioni subacquee e costiere della regione di Leptis Magna ed \u00e8 stato, quindi, consulente e professore a contratto dell&#8217;Universit\u00e0 della Calabria per il Progetto <em>COMAS &#8211; <\/em>Conservazione in situ dei Manufatti Archeologici Sommersi<em>, Planned Conservation, \u201cin situ\u201d, of underwater archaeological artefacts <\/em>(2011-2012).<\/p>\n\n\n\n<p>Attualmente \u00e8 consulente dell&#8217;ICR per il Progetto Restaurare Sott&#8217;acqua e svolge annualmente seminari per il Dipartimento di Scienze dell\u2019Antichit\u00e0 dell\u2019Universit\u00e0 Sapienza di Roma e il Di.S.A.A. Universit\u00e0 Statale di Milano, oltre a conferenze e collaborazioni con Istituti ed Enti di Ricerca italiani e stranieri.<\/p>","protected":false},"excerpt":{"rendered":"<p>Roberto Petriaggi \u00e8 un archeologo e subacqueo italiano. Dal 1978 al 2010 ha lavorato presso il Ministero per i Beni e le Attivit\u00e0 Culturali, ora Ministero della Cultura. \u00c8 stato Funzionario Archeologo presso varie Soprintendenze italiane (dell\u2019Abruzzo e di Ostia, dove ha condotto rilevanti campagne di scavo, e dell\u2019Etruria Meridionale, dove ha condotto cantieri archeologici [&hellip;]<\/p>","protected":false},"author":1,"featured_media":0,"parent":0,"menu_order":0,"comment_status":"closed","ping_status":"closed","template":"","meta":{"footnotes":""},"class_list":["post-434","page","type-page","status-publish","hentry"],"jetpack_sharing_enabled":true,"_links":{"self":[{"href":"https:\/\/www.mnai.it\/en\/wp-json\/wp\/v2\/pages\/434","targetHints":{"allow":["GET"]}}],"collection":[{"href":"https:\/\/www.mnai.it\/en\/wp-json\/wp\/v2\/pages"}],"about":[{"href":"https:\/\/www.mnai.it\/en\/wp-json\/wp\/v2\/types\/page"}],"author":[{"embeddable":true,"href":"https:\/\/www.mnai.it\/en\/wp-json\/wp\/v2\/users\/1"}],"replies":[{"embeddable":true,"href":"https:\/\/www.mnai.it\/en\/wp-json\/wp\/v2\/comments?post=434"}],"version-history":[{"count":2,"href":"https:\/\/www.mnai.it\/en\/wp-json\/wp\/v2\/pages\/434\/revisions"}],"predecessor-version":[{"id":641,"href":"https:\/\/www.mnai.it\/en\/wp-json\/wp\/v2\/pages\/434\/revisions\/641"}],"wp:attachment":[{"href":"https:\/\/www.mnai.it\/en\/wp-json\/wp\/v2\/media?parent=434"}],"curies":[{"name":"wp","href":"https:\/\/api.w.org\/{rel}","templated":true}]}}