{"id":3,"date":"2025-07-30T19:02:03","date_gmt":"2025-07-30T17:02:03","guid":{"rendered":"https:\/\/www.mnai.it\/?page_id=3"},"modified":"2025-09-27T19:21:13","modified_gmt":"2025-09-27T17:21:13","slug":"privacy-policy","status":"publish","type":"page","link":"https:\/\/www.mnai.it\/en\/privacy-policy\/","title":{"rendered":"Privacy Policy"},"content":{"rendered":"<p>Gentile visitatore, questa pagina intende fornirle tutte le indicazioni previste dall\u2019art. 13 del Regolamento (UE) 2016\/679 (anche detto GDPR o Regolamento Generale per la Protezione dei Dati personali), in merito al trattamento dei dati personali dei visitatori del presente sito internet.<br><br>L\u2019informativa \u00e8 resa solo per coloro che interagiscono con i servizi web di <strong>MNAI<\/strong>, accessibili per via telematica a partire dall\u2019indirizzo <a href=\"https:\/\/www.mnai.it\/en\/\">https:\/\/www.mnai.it<\/a> (pagina iniziale del sito ufficiale del Museo della navigazione delle acque interne) e non per altri siti, pagine o servizi online raggiungibili tramite link ipertestuali pubblicati in questo sito internet.<\/p>\n\n\n\n<p><br><strong>1. Titolare del trattamento<\/strong><\/p>\n\n\n\n<p>Titolare del trattamento \u00e8 la societ\u00e0 <strong>MAPO Consulting srl<\/strong>, con sede in <strong>Via dei Motoristi 17, 00143 Roma<\/strong> \u2013 <strong>info@mapoconsulting.it<\/strong><\/p>\n\n\n\n<p><strong>2. DPO \u2013 Data Protection Officer RPD \u2013 Responsabile della protezione dei dati personali<\/strong><\/p>\n\n\n\n<p>La societ\u00e0 <strong>MAPO Consulting srl<\/strong> in qualit\u00e0 di Titolare del trattamento \u00e8 anche lei stessa DPO, Data Protection Officer (nella traduzione italiana RPD, Responsabile della protezione dei dati personali), ai sensi degli artt. 37 e ss. del GDPR e al fine di tutelare meglio gli interessati.<\/p>\n\n\n\n<p><strong>3. Finalit\u00e0 e basi giuridiche del trattamento<\/strong><\/p>\n\n\n\n<p>A seguito della consultazione di questo sito possono essere trattati dati relativi a persone identificate o identificabili I dati personali trattati durante la navigazione del sito sono destinati alle seguenti finalit\u00e0:<br>1) al corretto funzionamento tecnico del sito, in adempimento ai compiti di interesse pubblico assegnati al Titolare dalla vigente normativa;<\/p>\n\n\n\n<p>2) alla gestione delle richieste di informazioni pervenute dai visitatori attraverso la compilazione dei form elettronici presenti nelle pagine del sito, oppure tramite gli indirizzi email degli uffici e\/o del personale, in adempimento ai compiti e funzioni assegnati al Titolare dalla vigente normativa.<\/p>\n\n\n\n<p>3) esclusivamente dietro suo espresso consenso (e sulla base di esso), all\u2019attivazione di marketing, (offerte, promozioni, vendita diretta, invio di materiale pubblicitario e comunicazione commerciale), ovvero affinch\u00e9 la Societ\u00e0 possa contattarLa tramite posta o posta elettronica per proporrLe l\u2019acquisto di prodotti e\/o servizi offerti dalla stessa Societ\u00e0, presentare offerte, promozioni ed opportunit\u00e0 commerciali, invitarLa ad eventi organizzati dalla medesima Societ\u00e0.<\/p>\n\n\n\n<p><strong>La prestazione del consenso per finalit\u00e0 di marketing \u00e8 facoltativa e senza alcuna conseguenza in caso di rifiuto.<\/strong><\/p>\n\n\n\n<p>La base giuridica per l\u2019acquisizione e successivo trattamento dei dati \u00e8 lo svolgimento di funzioni connesse all\u2019attivit\u00e0 portuale quali la prenotazione del transito, obblighi di legge, accordo fra le parti, Regolamento portuale, Codice della navigazione, art. 6, par. 1, lett. b), c), e) del GDPR) e pertanto non necessita del consenso.<\/p>\n\n\n\n<p><strong>4. Dati di navigazione<\/strong><\/p>\n\n\n\n<p>I sistemi informatici e le procedure software preposte al funzionamento di questo sito web acquisiscono, nel corso del loro normale esercizio, alcuni dati personali la cui trasmissione \u00e8 implicita nell\u2019uso dei protocolli di comunicazione di Internet.<\/p>\n\n\n\n<p>In questa categoria di dati rientrano gli indirizzi IP o i nomi a dominio dei computer e dei terminali utilizzati dagli utenti, gli indirizzi in notazione URI\/URL (Uniform Resource Identifier\/Locator) delle risorse richieste, l\u2019orario della richiesta, il metodo utilizzato nel sottoporre la richiesta al server, la dimensione del file ottenuto in risposta, il codice numerico indicante lo stato della risposta data dal server (buon fine, errore, ecc.) e altri parametri relativi al sistema operativo e all\u2019ambiente informatico dell\u2019utente.<\/p>\n\n\n\n<p>I dati potrebbero essere utilizzati per l\u2019accertamento di responsabilit\u00e0 in caso di ipotetici reati informatici ai danni del sito.<\/p>\n\n\n\n<p>Non viene fatto uso di cookies durante la navigazione del sito per la trasmissione di informazioni di carattere personale.<\/p>\n\n\n\n<p><strong>5. Autorizzati, Responsabili del trattamento e Destinatari dei dati personali<\/strong><\/p>\n\n\n\n<p>I dati personali sono trattati da personale dipendente della societ\u00e0 <strong>MAPO Consulting srl<\/strong> previamente autorizzato al trattamento e appositamente istruito e formato.<\/p>\n\n\n\n<p>Sia i dati di navigazione che quelli forniti volontariamente dall\u2019utente utilizzando i form di contatto presenti sul sito, oppure scrivendo messaggi email agli indirizzi pubblicati, possono essere comunicati a soggetti esterni formalmente nominati dalla societ\u00e0 <strong>MAPO Consulting srl<\/strong> quali Responsabili del trattamento ed appartenenti alle seguenti categorie:<\/p>\n\n\n\n<ul class=\"wp-block-list\">\n<li>societ\u00e0 che erogano servizi di manutenzione del Sito e dei sistemi informatici;<\/li>\n\n\n\n<li>societ\u00e0 che erogano servizi di comunicazioni telematiche e, in particolar modo, di posta elettronica;<\/li>\n\n\n\n<li>societ\u00e0 che svolgono servizi di gestione e manutenzione dei database del Titolare.<\/li>\n<\/ul>\n\n\n\n<p>La societ\u00e0 <strong>MAPO Consulting srl<\/strong>. garantisce che il trattamento dei dati personali di coloro che accedono al sito (forniti mediante posta elettronica o moduli elettronici, anche in sede di registrazione) \u00e8 conforme a quanto disposto dal Regolamento UE n. 679\/2016.<\/p>\n\n\n\n<p><strong>6. Natura del conferimento dei dati e conseguenze dell\u2019eventuale mancato conferimento<\/strong><br>Per la finalit\u00e0 di cui al punto 3, numero 1, il conferimento dei dati \u00e8 necessario e non opzionabile.<\/p>\n\n\n\n<p>Per la finalit\u00e0 di cui al punto 3, numero 2, il conferimento dei dati \u00e8 necessario con riferimento ai campi dei form contrassegnati da un asterisco (*). Il mancato conferimento dei dati necessari comporta l\u2019impossibilit\u00e0 di inoltrare la richiesta del visitatore o di darvi seguito. Il mancato conferimento dei dati facoltativi potrebbe comportare una risposta meno precisa e circostanziata, oppure una maggiore difficolt\u00e0 nel poter ricontattare l\u2019Interessato per avere maggiori dettagli in merito alla richiesta.<\/p>\n\n\n\n<p>Per la finalit\u00e0 di cui al punto 3, numero 3, il conferimento dei dati \u00e8 facoltativo e revocabile i qualunque momento. Ne consegue che il mancato conferimento dei dati richiesti all\u2019atto dell\u2019iscrizione \u2013 o del consenso al loro trattamento \u2013 impedisce l\u2019invio di informazioni pubblicitarie e di marketing.<\/p>\n\n\n\n<p><strong>7. Trasferimento di dati.<\/strong><\/p>\n\n\n\n<p>Con riferimento al trattamento effettuato per la finalit\u00e0 di cui al punto 3, numero 2), la societ\u00e0 <strong>MAPO Consulting srl<\/strong> pu\u00f2 trattare i dati di richiesta informazione anche tramite altre societ\u00e0 di servizi selezionate per affidabilit\u00e0, sicurezza e rispetto della normativa nazionale ed europea in materia di trattamento dei dati personali.<\/p>\n\n\n\n<p>Il trasferimento all\u2019estero cos\u00ec effettuato \u00e8 in linea con tale normativa, poich\u00e9 attuato solo verso Paesi (o settori di questi) che sono stati oggetto di una decisione di adeguatezza e che, dunque, garantiscono un livello adeguato di protezione dei dati personali, oppure sulla base di clausole contrattuali tipo validate da un\u2019Autorit\u00e0 di controllo europea e conformi ai modelli proposti dalla Commissione con Decisione 2010\/87\/UE.<\/p>\n\n\n\n<p><br><strong>8. I suoi diritti<\/strong><\/p>\n\n\n\n<p>Il Regolamento (UE) 2016\/679 le riconosce, in qualit\u00e0 di Interessato, diversi diritti, che pu\u00f2 esercitare contattando il Titolare e DPO.<\/p>\n\n\n\n<p>Tra i diritti esercitabili, purch\u00e9 ne ricorrano i presupposti di volta in volta previsti dalla normativa (in particolare, artt. 15 e seguenti del Regolamento) l\u2019interessato pu\u00f2 in qualsiasi momento:<\/p>\n\n\n\n<ul class=\"wp-block-list\">\n<li>revocare il consenso prestato (senza pregiudicare la liceit\u00e0 del trattamento precedente alla revoca)<\/li>\n\n\n\n<li>richiedere al titolare del trattamento l\u2019accesso ai dati personali, la rettifica, l\u2019integrazione o la cancellazione degli stessi o la limitazione del trattamento<\/li>\n\n\n\n<li>Il diritto di opposizione si esercita mediante la richiesta di cancellazione o la revoca del consenso.<\/li>\n<\/ul>\n\n\n\n<p>I citati diritti sono esercitabili facendo riferimento ai seguenti contatti.<\/p>\n\n\n\n<p><strong>Il titolare del trattamento e relativi dati di contatto:<\/strong><br>Il Titolare del trattamento \u00e8 la societ\u00e0 <strong>MAPO Consulting srl <\/strong>con sede in Via dei Motoristi 17, 00143 Roma \u2013 info@mapoconsulting.it<\/p>\n\n\n\n<p><strong>Il responsabile della protezione dei dati personali e relativi dati di contatto:<\/strong><br>La societ\u00e0 <strong>MAPO Consulting srl<\/strong>, in qualit\u00e0 di Titolare del trattamento \u00e8 Responsabile della Protezione dei dati Personali (di seguito anche DPO\/Data Protection Officer) ai sensi degli artt. 37 e ss. del GDPR.<\/p>\n\n\n\n<p><strong>Diritto di reclamo all\u2019autorit\u00e0 di controllo<\/strong><br>Il soggetto interessato ha diritto di presentare reclamo all\u2019Autorit\u00e0 di controllo:<br>Garante per la protezione dei dati personali<br><a href=\"http:\/\/www.garanteprivacy.it\/\">www.garanteprivacy.it<\/a><\/p>\n\n\n\n<p><\/p>","protected":false},"excerpt":{"rendered":"<p>Gentile visitatore, questa pagina intende fornirle tutte le indicazioni previste dall\u2019art. 13 del Regolamento (UE) 2016\/679 (anche detto GDPR o Regolamento Generale per la Protezione dei Dati personali), in merito al trattamento dei dati personali dei visitatori del presente sito internet. L\u2019informativa \u00e8 resa solo per coloro che interagiscono con i servizi web di MNAI, [&hellip;]<\/p>","protected":false},"author":1,"featured_media":0,"parent":0,"menu_order":0,"comment_status":"closed","ping_status":"open","template":"","meta":{"footnotes":""},"class_list":["post-3","page","type-page","status-publish","hentry"],"jetpack_sharing_enabled":true,"_links":{"self":[{"href":"https:\/\/www.mnai.it\/en\/wp-json\/wp\/v2\/pages\/3","targetHints":{"allow":["GET"]}}],"collection":[{"href":"https:\/\/www.mnai.it\/en\/wp-json\/wp\/v2\/pages"}],"about":[{"href":"https:\/\/www.mnai.it\/en\/wp-json\/wp\/v2\/types\/page"}],"author":[{"embeddable":true,"href":"https:\/\/www.mnai.it\/en\/wp-json\/wp\/v2\/users\/1"}],"replies":[{"embeddable":true,"href":"https:\/\/www.mnai.it\/en\/wp-json\/wp\/v2\/comments?post=3"}],"version-history":[{"count":1,"href":"https:\/\/www.mnai.it\/en\/wp-json\/wp\/v2\/pages\/3\/revisions"}],"predecessor-version":[{"id":606,"href":"https:\/\/www.mnai.it\/en\/wp-json\/wp\/v2\/pages\/3\/revisions\/606"}],"wp:attachment":[{"href":"https:\/\/www.mnai.it\/en\/wp-json\/wp\/v2\/media?parent=3"}],"curies":[{"name":"wp","href":"https:\/\/api.w.org\/{rel}","templated":true}]}}